{"id":2213,"date":"2023-10-17T19:33:09","date_gmt":"2023-10-17T17:33:09","guid":{"rendered":"https:\/\/fusteriarubies.com\/productos\/puertas\/"},"modified":"2024-01-02T11:09:21","modified_gmt":"2024-01-02T10:09:21","slug":"puertas","status":"publish","type":"page","link":"https:\/\/fusteriarubies.com\/es\/productos\/puertas\/","title":{"rendered":"Puertas"},"content":{"rendered":"<div class=\"fusion-fullwidth fullwidth-box fusion-builder-row-1 fusion-flex-container has-pattern-background has-mask-background nonhundred-percent-fullwidth non-hundred-percent-height-scrolling\" style=\"--awb-border-radius-top-left:0px;--awb-border-radius-top-right:0px;--awb-border-radius-bottom-right:0px;--awb-border-radius-bottom-left:0px;--awb-flex-wrap:wrap;\" ><div class=\"fusion-builder-row fusion-row fusion-flex-align-items-flex-start fusion-flex-content-wrap\" style=\"max-width:1331.2px;margin-left: calc(-4% \/ 2 );margin-right: calc(-4% \/ 2 );\"><div class=\"fusion-layout-column fusion_builder_column fusion-builder-column-0 fusion_builder_column_1_1 1_1 fusion-flex-column\" style=\"--awb-padding-right:15%;--awb-padding-left:15%;--awb-padding-right-medium:60px;--awb-padding-left-medium:60px;--awb-padding-right-small:40px;--awb-padding-left-small:40px;--awb-bg-blend:overlay;--awb-bg-size:cover;--awb-width-large:100%;--awb-margin-top-large:42px;--awb-spacing-right-large:1.92%;--awb-margin-bottom-large:20px;--awb-spacing-left-large:1.92%;--awb-width-medium:100%;--awb-spacing-right-medium:1.92%;--awb-margin-bottom-medium:0px;--awb-spacing-left-medium:1.92%;--awb-width-small:100%;--awb-spacing-right-small:1.92%;--awb-spacing-left-small:1.92%;\" id=\"portes\"><div class=\"fusion-column-wrapper fusion-flex-justify-content-flex-start fusion-content-layout-column\"><div class=\"fusion-title title fusion-title-1 fusion-sep-none fusion-title-center fusion-title-text fusion-title-size-two\" style=\"--awb-text-color:rgba(94,61,44,0.1);--awb-margin-bottom-small:10px;--awb-font-size:70px;\"><h2 class=\"fusion-title-heading title-heading-center fusion-responsive-typography-calculated\" style=\"font-family:&quot;Open Sans&quot;;font-style:italic;font-weight:800;margin:0;font-size:1em;text-transform:none;--fontSize:70;line-height:1.3;\">puertas<\/h2><\/div><div class=\"fusion-title title fusion-title-2 fusion-sep-none fusion-title-center fusion-title-text fusion-title-size-three\" style=\"--awb-text-color:var(--awb-color8);--awb-margin-top:-70px;--awb-font-size:40px;\"><h3 class=\"fusion-title-heading title-heading-center fusion-responsive-typography-calculated\" style=\"font-family:&quot;Open Sans&quot;;font-style:normal;font-weight:500;margin:0;font-size:1em;text-transform:capitalize;--fontSize:40;line-height:1.45;\">PUERTAS<\/h3><\/div><div class=\"fusion-separator\" style=\"align-self: center;margin-left: auto;margin-right: auto;margin-top:0px;margin-bottom:30px;width:100%;max-width:40px;\"><div class=\"fusion-separator-border sep-single sep-solid\" style=\"--awb-height:20px;--awb-amount:20px;--awb-sep-color:var(--awb-color5);border-color:var(--awb-color5);border-top-width:4px;\"><\/div><\/div><\/div><\/div><div class=\"fusion-layout-column fusion_builder_column fusion-builder-column-1 fusion_builder_column_1_1 1_1 fusion-flex-column\" style=\"--awb-bg-size:cover;--awb-width-large:100%;--awb-margin-top-large:0px;--awb-spacing-right-large:1.92%;--awb-margin-bottom-large:0px;--awb-spacing-left-large:1.92%;--awb-width-medium:100%;--awb-order-medium:0;--awb-spacing-right-medium:1.92%;--awb-spacing-left-medium:1.92%;--awb-width-small:100%;--awb-order-small:0;--awb-spacing-right-small:1.92%;--awb-spacing-left-small:1.92%;\"><div class=\"fusion-column-wrapper fusion-column-has-shadow fusion-flex-justify-content-flex-start fusion-content-layout-column\"><div class=\"fusion-builder-row fusion-builder-row-inner fusion-row fusion-flex-align-items-flex-start fusion-flex-content-wrap\" style=\"width:104% !important;max-width:104% !important;margin-left: calc(-4% \/ 2 );margin-right: calc(-4% \/ 2 );\"><div class=\"fusion-layout-column fusion_builder_column_inner fusion-builder-nested-column-0 fusion_builder_column_inner_1_2 1_2 fusion-flex-column fusion-flex-align-self-center\" style=\"--awb-bg-size:cover;--awb-width-large:50%;--awb-margin-top-large:0px;--awb-spacing-right-large:3.84%;--awb-margin-bottom-large:0px;--awb-spacing-left-large:3.84%;--awb-width-medium:100%;--awb-order-medium:0;--awb-spacing-right-medium:1.92%;--awb-spacing-left-medium:1.92%;--awb-width-small:100%;--awb-order-small:0;--awb-spacing-right-small:1.92%;--awb-spacing-left-small:1.92%;\"><div class=\"fusion-column-wrapper fusion-column-has-shadow fusion-flex-justify-content-flex-start fusion-content-layout-column\"><div class=\"fusion-text fusion-text-1\"><p>Las puertas no s\u00f3lo cierran los espacios, sino que tambi\u00e9n definen el <strong>estilo y seguridad<\/strong> de tu vivienda. Ofrecemos una <strong>amplia gama de soluciones<\/strong> para todos tus requisitos.<\/p>\n<p>\u00bfEn qu\u00e9 pensamos primero? <strong>Seguridad<\/strong>. Podemos blindar las puertas con refuerzos estructurales, cilindros de seguridad avanzados con cerradura multi-puntos, y otras medidas como bisagras anti-palanca y estanqueidad con burlones de goma EPDM.<\/p>\n<p>Luego, consideramos el <strong>estilo<\/strong>. Nuestras puertas pueden <strong>fabricarse con cualquier tipo de madera y personalizadas seg\u00fan tus preferencias.<\/strong> Ofrecemos opciones de cerradura de seguridad y puertas interiores con vidrieras o cuarteles.<\/p>\n<p>Disponemos de puertas est\u00e1ndar, ofreciendo suministro e instalaci\u00f3n, ajustando las medidas y asegurando un encaje perfecto. Adem\u00e1s nuestra especialidad es la fabricaci\u00f3n a medida, creando puertas personalizadas que se ajusten perfectamente a tu espacio y estilo.<\/p>\n<\/div><\/div><\/div><div class=\"fusion-layout-column fusion_builder_column_inner fusion-builder-nested-column-1 fusion_builder_column_inner_1_2 1_2 fusion-flex-column fusion-flex-align-self-center\" style=\"--awb-bg-size:cover;--awb-width-large:50%;--awb-margin-top-large:0px;--awb-spacing-right-large:3.84%;--awb-margin-bottom-large:0px;--awb-spacing-left-large:3.84%;--awb-width-medium:100%;--awb-order-medium:0;--awb-spacing-right-medium:1.92%;--awb-spacing-left-medium:1.92%;--awb-width-small:100%;--awb-order-small:0;--awb-spacing-right-small:1.92%;--awb-spacing-left-small:1.92%;\"><div class=\"fusion-column-wrapper fusion-column-has-shadow fusion-flex-justify-content-flex-start fusion-content-layout-column\"><div class=\"fusion-image-element \" style=\"--awb-aspect-ratio: 100 \/ 85;--awb-caption-title-font-family:var(--h2_typography-font-family);--awb-caption-title-font-weight:var(--h2_typography-font-weight);--awb-caption-title-font-style:var(--h2_typography-font-style);--awb-caption-title-size:var(--h2_typography-font-size);--awb-caption-title-transform:var(--h2_typography-text-transform);--awb-caption-title-line-height:var(--h2_typography-line-height);--awb-caption-title-letter-spacing:var(--h2_typography-letter-spacing);\"><span class=\" fusion-imageframe imageframe-none imageframe-1 hover-type-none has-aspect-ratio\"><img decoding=\"async\" width=\"1599\" height=\"1200\" title=\"c4855042-ae49-43e1-a933-2ab06bc7b77e\" src=\"https:\/\/fusteriarubies.com\/wp-content\/uploads\/2024\/01\/c4855042-ae49-43e1-a933-2ab06bc7b77e.jpg\" data-orig-src=\"https:\/\/fusteriarubies.com\/wp-content\/uploads\/2024\/01\/c4855042-ae49-43e1-a933-2ab06bc7b77e.jpg\" class=\"lazyload img-responsive wp-image-2368 img-with-aspect-ratio\" alt srcset=\"data:image\/svg+xml,%3Csvg%20xmlns%3D%27http%3A%2F%2Fwww.w3.org%2F2000%2Fsvg%27%20width%3D%271599%27%20height%3D%271200%27%20viewBox%3D%270%200%201599%201200%27%3E%3Crect%20width%3D%271599%27%20height%3D%271200%27%20fill-opacity%3D%220%22%2F%3E%3C%2Fsvg%3E\" data-srcset=\"https:\/\/fusteriarubies.com\/wp-content\/uploads\/2024\/01\/c4855042-ae49-43e1-a933-2ab06bc7b77e-200x150.jpg 200w, https:\/\/fusteriarubies.com\/wp-content\/uploads\/2024\/01\/c4855042-ae49-43e1-a933-2ab06bc7b77e-400x300.jpg 400w, https:\/\/fusteriarubies.com\/wp-content\/uploads\/2024\/01\/c4855042-ae49-43e1-a933-2ab06bc7b77e-600x450.jpg 600w, https:\/\/fusteriarubies.com\/wp-content\/uploads\/2024\/01\/c4855042-ae49-43e1-a933-2ab06bc7b77e-800x600.jpg 800w, https:\/\/fusteriarubies.com\/wp-content\/uploads\/2024\/01\/c4855042-ae49-43e1-a933-2ab06bc7b77e-1200x901.jpg 1200w, https:\/\/fusteriarubies.com\/wp-content\/uploads\/2024\/01\/c4855042-ae49-43e1-a933-2ab06bc7b77e.jpg 1599w\" data-sizes=\"auto\" data-orig-sizes=\"(max-width: 1024px) 100vw, (max-width: 640px) 100vw, 800px\" \/><\/span><\/div><\/div><\/div><\/div><\/div><\/div><div class=\"fusion-layout-column fusion_builder_column fusion-builder-column-2 fusion_builder_column_1_1 1_1 fusion-flex-column\" style=\"--awb-padding-top:40px;--awb-bg-size:cover;--awb-width-large:100%;--awb-margin-top-large:0px;--awb-spacing-right-large:1.92%;--awb-margin-bottom-large:0px;--awb-spacing-left-large:1.92%;--awb-width-medium:100%;--awb-order-medium:0;--awb-spacing-right-medium:1.92%;--awb-spacing-left-medium:1.92%;--awb-width-small:100%;--awb-order-small:0;--awb-spacing-right-small:1.92%;--awb-spacing-left-small:1.92%;\"><div class=\"fusion-column-wrapper fusion-column-has-shadow fusion-flex-justify-content-flex-start fusion-content-layout-column\"><div class=\"fusion-builder-row fusion-builder-row-inner fusion-row fusion-flex-align-items-flex-start fusion-flex-content-wrap\" style=\"width:104% !important;max-width:104% !important;margin-left: calc(-4% \/ 2 );margin-right: calc(-4% \/ 2 );\"><div class=\"fusion-layout-column fusion_builder_column_inner fusion-builder-nested-column-2 fusion_builder_column_inner_1_4 1_4 fusion-flex-column fusion-flex-align-self-center\" style=\"--awb-bg-size:cover;--awb-width-large:25%;--awb-margin-top-large:0px;--awb-spacing-right-large:0%;--awb-margin-bottom-large:0px;--awb-spacing-left-large:7.68%;--awb-width-medium:100%;--awb-order-medium:0;--awb-spacing-right-medium:1.92%;--awb-spacing-left-medium:1.92%;--awb-width-small:100%;--awb-order-small:0;--awb-spacing-right-small:1.92%;--awb-spacing-left-small:1.92%;\"><div class=\"fusion-column-wrapper fusion-column-has-shadow fusion-flex-justify-content-flex-start fusion-content-layout-column\"><div class=\"fusion-image-element \" style=\"--awb-aspect-ratio: 100 \/ 120;--awb-margin-top:-00px;--awb-margin-right:-80px;--awb-caption-title-font-family:var(--h2_typography-font-family);--awb-caption-title-font-weight:var(--h2_typography-font-weight);--awb-caption-title-font-style:var(--h2_typography-font-style);--awb-caption-title-size:var(--h2_typography-font-size);--awb-caption-title-transform:var(--h2_typography-text-transform);--awb-caption-title-line-height:var(--h2_typography-line-height);--awb-caption-title-letter-spacing:var(--h2_typography-letter-spacing);\"><span class=\" fusion-imageframe imageframe-none imageframe-2 hover-type-none has-aspect-ratio\" style=\"border:15px solid var(--awb-color1);\"><img decoding=\"async\" width=\"1335\" height=\"2000\" title=\"Portes_Fusteria_Rubies_2\" src=\"https:\/\/fusteriarubies.com\/wp-content\/uploads\/2023\/10\/Portes_Fusteria_Rubies_2.jpg\" data-orig-src=\"https:\/\/fusteriarubies.com\/wp-content\/uploads\/2023\/10\/Portes_Fusteria_Rubies_2.jpg\" class=\"lazyload img-responsive wp-image-2125 img-with-aspect-ratio\" alt srcset=\"data:image\/svg+xml,%3Csvg%20xmlns%3D%27http%3A%2F%2Fwww.w3.org%2F2000%2Fsvg%27%20width%3D%271335%27%20height%3D%272000%27%20viewBox%3D%270%200%201335%202000%27%3E%3Crect%20width%3D%271335%27%20height%3D%272000%27%20fill-opacity%3D%220%22%2F%3E%3C%2Fsvg%3E\" data-srcset=\"https:\/\/fusteriarubies.com\/wp-content\/uploads\/2023\/10\/Portes_Fusteria_Rubies_2-200x300.jpg 200w, https:\/\/fusteriarubies.com\/wp-content\/uploads\/2023\/10\/Portes_Fusteria_Rubies_2-400x599.jpg 400w, https:\/\/fusteriarubies.com\/wp-content\/uploads\/2023\/10\/Portes_Fusteria_Rubies_2-600x899.jpg 600w, https:\/\/fusteriarubies.com\/wp-content\/uploads\/2023\/10\/Portes_Fusteria_Rubies_2-800x1199.jpg 800w, https:\/\/fusteriarubies.com\/wp-content\/uploads\/2023\/10\/Portes_Fusteria_Rubies_2-1200x1798.jpg 1200w, https:\/\/fusteriarubies.com\/wp-content\/uploads\/2023\/10\/Portes_Fusteria_Rubies_2.jpg 1335w\" data-sizes=\"auto\" data-orig-sizes=\"(max-width: 1024px) 100vw, (max-width: 640px) 100vw, 400px\" \/><\/span><\/div><\/div><\/div><div class=\"fusion-layout-column fusion_builder_column_inner fusion-builder-nested-column-3 fusion_builder_column_inner_1_4 1_4 fusion-flex-column fusion-flex-align-self-center\" style=\"--awb-bg-size:cover;--awb-width-large:25%;--awb-margin-top-large:0px;--awb-spacing-right-large:7.68%;--awb-margin-bottom-large:0px;--awb-spacing-left-large:0%;--awb-width-medium:100%;--awb-order-medium:0;--awb-spacing-right-medium:1.92%;--awb-spacing-left-medium:1.92%;--awb-width-small:100%;--awb-order-small:0;--awb-spacing-right-small:1.92%;--awb-spacing-left-small:1.92%;\"><div class=\"fusion-column-wrapper fusion-column-has-shadow fusion-flex-justify-content-flex-start fusion-content-layout-column\"><div class=\"fusion-image-element \" style=\"--awb-margin-bottom:-100px;--awb-margin-left:-90px;--awb-caption-title-font-family:var(--h2_typography-font-family);--awb-caption-title-font-weight:var(--h2_typography-font-weight);--awb-caption-title-font-style:var(--h2_typography-font-style);--awb-caption-title-size:var(--h2_typography-font-size);--awb-caption-title-transform:var(--h2_typography-text-transform);--awb-caption-title-line-height:var(--h2_typography-line-height);--awb-caption-title-letter-spacing:var(--h2_typography-letter-spacing);\"><span class=\" fusion-imageframe imageframe-none imageframe-3 hover-type-none\" style=\"border:20px solid var(--awb-color1);\"><img decoding=\"async\" width=\"2000\" height=\"1330\" title=\"Portes_Fusteria_Rubies_1\" src=\"https:\/\/fusteriarubies.com\/wp-content\/uploads\/2023\/10\/Portes_Fusteria_Rubies_1.jpg\" data-orig-src=\"https:\/\/fusteriarubies.com\/wp-content\/uploads\/2023\/10\/Portes_Fusteria_Rubies_1.jpg\" alt class=\"lazyload img-responsive wp-image-2123\" srcset=\"data:image\/svg+xml,%3Csvg%20xmlns%3D%27http%3A%2F%2Fwww.w3.org%2F2000%2Fsvg%27%20width%3D%272000%27%20height%3D%271330%27%20viewBox%3D%270%200%202000%201330%27%3E%3Crect%20width%3D%272000%27%20height%3D%271330%27%20fill-opacity%3D%220%22%2F%3E%3C%2Fsvg%3E\" data-srcset=\"https:\/\/fusteriarubies.com\/wp-content\/uploads\/2023\/10\/Portes_Fusteria_Rubies_1-200x133.jpg 200w, https:\/\/fusteriarubies.com\/wp-content\/uploads\/2023\/10\/Portes_Fusteria_Rubies_1-400x266.jpg 400w, https:\/\/fusteriarubies.com\/wp-content\/uploads\/2023\/10\/Portes_Fusteria_Rubies_1-600x399.jpg 600w, https:\/\/fusteriarubies.com\/wp-content\/uploads\/2023\/10\/Portes_Fusteria_Rubies_1-800x532.jpg 800w, https:\/\/fusteriarubies.com\/wp-content\/uploads\/2023\/10\/Portes_Fusteria_Rubies_1-1200x798.jpg 1200w, https:\/\/fusteriarubies.com\/wp-content\/uploads\/2023\/10\/Portes_Fusteria_Rubies_1.jpg 2000w\" data-sizes=\"auto\" data-orig-sizes=\"(max-width: 1024px) 100vw, (max-width: 640px) 100vw, 400px\" \/><\/span><\/div><\/div><\/div><div class=\"fusion-layout-column fusion_builder_column_inner fusion-builder-nested-column-4 fusion_builder_column_inner_1_2 1_2 fusion-flex-column fusion-flex-align-self-center\" style=\"--awb-bg-size:cover;--awb-width-large:50%;--awb-margin-top-large:0px;--awb-spacing-right-large:3.84%;--awb-margin-bottom-large:0px;--awb-spacing-left-large:3.84%;--awb-width-medium:100%;--awb-order-medium:0;--awb-spacing-right-medium:1.92%;--awb-spacing-left-medium:1.92%;--awb-width-small:100%;--awb-order-small:0;--awb-spacing-right-small:1.92%;--awb-spacing-left-small:1.92%;\"><div class=\"fusion-column-wrapper fusion-column-has-shadow fusion-flex-justify-content-flex-start fusion-content-layout-column\"><div class=\"fusion-text fusion-text-2\"><h4><strong>La puerta de madera de toda la vida<\/strong><\/h4>\n<p>Fabricamos puertas <strong>interiores, exteriores, batientes, basculantes o correderas<\/strong>. Podemos realizar la parte superior en <strong>arco<\/strong> (moderno, r\u00fastico, cl\u00e1sico). Disponemos de <strong>todo tipo de madera<\/strong>. Una vez fabricada, podemos te\u00f1irla para ajustar el color a tu gusto o adaptarla a los colores existentes en la casa.<\/p>\n<h4><strong>Dise\u00f1o y calidad<\/strong><\/h4>\n<p>Ejecuci\u00f3n en <strong>madera maciza<\/strong>. Opci\u00f3n de blindar con <strong>refuerzo estructural.<\/strong> Cilindros de <strong>seguridad<\/strong> m\u00e1s avanzados con llave plana y pitones cargados a molde, cerradura multi punto de cierre. Bisagra anti-palanca. Estanqueidad con los burletes de goma EPDM<\/p>\n<\/div><\/div><\/div><\/div><\/div><\/div><\/div><\/div>\n","protected":false},"excerpt":{"rendered":"","protected":false},"author":1,"featured_media":0,"parent":2189,"menu_order":0,"comment_status":"closed","ping_status":"closed","template":"100-width.php","meta":{"footnotes":""},"class_list":["post-2213","page","type-page","status-publish","hentry"],"_links":{"self":[{"href":"https:\/\/fusteriarubies.com\/es\/wp-json\/wp\/v2\/pages\/2213","targetHints":{"allow":["GET"]}}],"collection":[{"href":"https:\/\/fusteriarubies.com\/es\/wp-json\/wp\/v2\/pages"}],"about":[{"href":"https:\/\/fusteriarubies.com\/es\/wp-json\/wp\/v2\/types\/page"}],"author":[{"embeddable":true,"href":"https:\/\/fusteriarubies.com\/es\/wp-json\/wp\/v2\/users\/1"}],"replies":[{"embeddable":true,"href":"https:\/\/fusteriarubies.com\/es\/wp-json\/wp\/v2\/comments?post=2213"}],"version-history":[{"count":12,"href":"https:\/\/fusteriarubies.com\/es\/wp-json\/wp\/v2\/pages\/2213\/revisions"}],"predecessor-version":[{"id":2406,"href":"https:\/\/fusteriarubies.com\/es\/wp-json\/wp\/v2\/pages\/2213\/revisions\/2406"}],"up":[{"embeddable":true,"href":"https:\/\/fusteriarubies.com\/es\/wp-json\/wp\/v2\/pages\/2189"}],"wp:attachment":[{"href":"https:\/\/fusteriarubies.com\/es\/wp-json\/wp\/v2\/media?parent=2213"}],"curies":[{"name":"wp","href":"https:\/\/api.w.org\/{rel}","templated":true}]}}