{"id":2205,"date":"2023-10-17T19:32:12","date_gmt":"2023-10-17T17:32:12","guid":{"rendered":"https:\/\/fusteriarubies.com\/productos\/cocinas\/"},"modified":"2024-01-18T11:49:15","modified_gmt":"2024-01-18T10:49:15","slug":"cocinas","status":"publish","type":"page","link":"https:\/\/fusteriarubies.com\/es\/productos\/cocinas\/","title":{"rendered":"Cocinas"},"content":{"rendered":"<div class=\"fusion-fullwidth fullwidth-box fusion-builder-row-1 fusion-flex-container has-pattern-background has-mask-background nonhundred-percent-fullwidth non-hundred-percent-height-scrolling\" style=\"--awb-border-radius-top-left:0px;--awb-border-radius-top-right:0px;--awb-border-radius-bottom-right:0px;--awb-border-radius-bottom-left:0px;--awb-flex-wrap:wrap;\" ><div class=\"fusion-builder-row fusion-row fusion-flex-align-items-flex-start fusion-flex-content-wrap\" style=\"max-width:1331.2px;margin-left: calc(-4% \/ 2 );margin-right: calc(-4% \/ 2 );\"><div class=\"fusion-layout-column fusion_builder_column fusion-builder-column-0 fusion_builder_column_1_1 1_1 fusion-flex-column\" style=\"--awb-padding-right:15%;--awb-padding-left:15%;--awb-padding-right-medium:60px;--awb-padding-left-medium:60px;--awb-padding-right-small:40px;--awb-padding-left-small:40px;--awb-bg-blend:overlay;--awb-bg-size:cover;--awb-width-large:100%;--awb-margin-top-large:42px;--awb-spacing-right-large:1.92%;--awb-margin-bottom-large:20px;--awb-spacing-left-large:1.92%;--awb-width-medium:100%;--awb-spacing-right-medium:1.92%;--awb-margin-bottom-medium:0px;--awb-spacing-left-medium:1.92%;--awb-width-small:100%;--awb-spacing-right-small:1.92%;--awb-spacing-left-small:1.92%;\" id=\"cuines\"><div class=\"fusion-column-wrapper fusion-flex-justify-content-flex-start fusion-content-layout-column\"><div class=\"fusion-title title fusion-title-1 fusion-sep-none fusion-title-center fusion-title-text fusion-title-size-two\" style=\"--awb-text-color:rgba(94,61,44,0.1);--awb-margin-bottom-small:10px;--awb-font-size:70px;\"><h2 class=\"fusion-title-heading title-heading-center fusion-responsive-typography-calculated\" style=\"font-family:&quot;Open Sans&quot;;font-style:italic;font-weight:800;margin:0;font-size:1em;text-transform:none;--fontSize:70;line-height:1.3;\">cocinas<\/h2><\/div><div class=\"fusion-title title fusion-title-2 fusion-sep-none fusion-title-center fusion-title-text fusion-title-size-three\" style=\"--awb-text-color:var(--awb-color8);--awb-margin-top:-70px;--awb-font-size:40px;\"><h3 class=\"fusion-title-heading title-heading-center fusion-responsive-typography-calculated\" style=\"font-family:&quot;Open Sans&quot;;font-style:normal;font-weight:500;margin:0;font-size:1em;text-transform:capitalize;--fontSize:40;line-height:1.45;\">COCINAS<\/h3><\/div><div class=\"fusion-separator\" style=\"align-self: center;margin-left: auto;margin-right: auto;margin-top:0px;margin-bottom:30px;width:100%;max-width:40px;\"><div class=\"fusion-separator-border sep-single sep-solid\" style=\"--awb-height:20px;--awb-amount:20px;--awb-sep-color:var(--awb-color5);border-color:var(--awb-color5);border-top-width:4px;\"><\/div><\/div><\/div><\/div><div class=\"fusion-layout-column fusion_builder_column fusion-builder-column-1 fusion_builder_column_1_1 1_1 fusion-flex-column\" style=\"--awb-bg-size:cover;--awb-width-large:100%;--awb-margin-top-large:0px;--awb-spacing-right-large:1.92%;--awb-margin-bottom-large:0px;--awb-spacing-left-large:1.92%;--awb-width-medium:100%;--awb-order-medium:0;--awb-spacing-right-medium:1.92%;--awb-spacing-left-medium:1.92%;--awb-width-small:100%;--awb-order-small:0;--awb-spacing-right-small:1.92%;--awb-spacing-left-small:1.92%;\"><div class=\"fusion-column-wrapper fusion-column-has-shadow fusion-flex-justify-content-flex-start fusion-content-layout-column\"><div class=\"fusion-builder-row fusion-builder-row-inner fusion-row fusion-flex-align-items-flex-start fusion-flex-content-wrap\" style=\"width:104% !important;max-width:104% !important;margin-left: calc(-4% \/ 2 );margin-right: calc(-4% \/ 2 );\"><div class=\"fusion-layout-column fusion_builder_column_inner fusion-builder-nested-column-0 fusion_builder_column_inner_1_2 1_2 fusion-flex-column fusion-flex-align-self-center\" style=\"--awb-bg-size:cover;--awb-width-large:50%;--awb-margin-top-large:0px;--awb-spacing-right-large:3.84%;--awb-margin-bottom-large:0px;--awb-spacing-left-large:3.84%;--awb-width-medium:100%;--awb-order-medium:0;--awb-spacing-right-medium:1.92%;--awb-spacing-left-medium:1.92%;--awb-width-small:100%;--awb-order-small:0;--awb-spacing-right-small:1.92%;--awb-spacing-left-small:1.92%;\"><div class=\"fusion-column-wrapper fusion-column-has-shadow fusion-flex-justify-content-flex-start fusion-content-layout-column\"><div class=\"fusion-text fusion-text-1\"><p>La cocina es el coraz\u00f3n del hogar, y sabemos que pasamos muchas horas en este espacio todos los d\u00edas. As\u00ed pues, las nuevas tendencias en cocinas ofrecen <strong>diversidad de estilos y funcionalidades.<\/strong> Con gu\u00edas de extracci\u00f3n total, conseguimos la <strong>optimizaci\u00f3n del espacio y un acceso c\u00f3modo<\/strong> a los \u00fatiles.<\/p>\n<p>Este equilibrio tonal que encontramos en las cocinas de hoy, nos permite adaptarlas a tu <strong>estilo personal<\/strong>. Los accesorios ergon\u00f3micos hacen que cada tarea sea m\u00e1s f\u00e1cil y c\u00f3moda. Mecanismos giratorios y elevadores de puertas <strong>aprovechan hasta el \u00faltimo rinc\u00f3n<\/strong> y facilitan el <strong>acceso a todo el contenido<\/strong> de los armarios.<\/p>\n<p>Adem\u00e1s, los <strong>sistemas de amortiguadores en los cajones<\/strong> eliminan los ruidos molestos y protegen los contenidos. Las puertas de apertura elevada no s\u00f3lo aportan elegancia, sino tambi\u00e9n <strong>comodidad<\/strong> en su uso.<\/p>\n<p>Para aquellos que buscan <strong>soluciones ecol\u00f3gicas<\/strong>, ofrecemos opciones para el reciclaje c\u00f3modo en la cocina. Sea cual sea tu estilo o tus necesidades, nuestra gama de cocinas te proporcionar\u00e1 un espacio funcional y atractivo para disfrutar cada momento culinario.<\/p>\n<\/div><\/div><\/div><div class=\"fusion-layout-column fusion_builder_column_inner fusion-builder-nested-column-1 fusion_builder_column_inner_1_2 1_2 fusion-flex-column fusion-flex-align-self-center\" style=\"--awb-bg-size:cover;--awb-width-large:50%;--awb-margin-top-large:0px;--awb-spacing-right-large:3.84%;--awb-margin-bottom-large:0px;--awb-spacing-left-large:3.84%;--awb-width-medium:100%;--awb-order-medium:0;--awb-spacing-right-medium:1.92%;--awb-spacing-left-medium:1.92%;--awb-width-small:100%;--awb-order-small:0;--awb-spacing-right-small:1.92%;--awb-spacing-left-small:1.92%;\"><div class=\"fusion-column-wrapper fusion-column-has-shadow fusion-flex-justify-content-flex-start fusion-content-layout-column\"><div class=\"fusion-image-element \" style=\"--awb-aspect-ratio: 100 \/ 75;--awb-caption-title-font-family:var(--h2_typography-font-family);--awb-caption-title-font-weight:var(--h2_typography-font-weight);--awb-caption-title-font-style:var(--h2_typography-font-style);--awb-caption-title-size:var(--h2_typography-font-size);--awb-caption-title-transform:var(--h2_typography-text-transform);--awb-caption-title-line-height:var(--h2_typography-line-height);--awb-caption-title-letter-spacing:var(--h2_typography-letter-spacing);\"><span class=\" fusion-imageframe imageframe-none imageframe-1 hover-type-none has-aspect-ratio\"><img decoding=\"async\" width=\"1200\" height=\"900\" title=\"Cuina_Mida_Fusteria_Rubies_01\" src=\"https:\/\/fusteriarubies.com\/wp-content\/uploads\/2024\/01\/Cuina_Mida_Fusteria_Rubies_01.jpg\" data-orig-src=\"https:\/\/fusteriarubies.com\/wp-content\/uploads\/2024\/01\/Cuina_Mida_Fusteria_Rubies_01.jpg\" class=\"lazyload img-responsive wp-image-2524 img-with-aspect-ratio\" alt srcset=\"data:image\/svg+xml,%3Csvg%20xmlns%3D%27http%3A%2F%2Fwww.w3.org%2F2000%2Fsvg%27%20width%3D%271200%27%20height%3D%27900%27%20viewBox%3D%270%200%201200%20900%27%3E%3Crect%20width%3D%271200%27%20height%3D%27900%27%20fill-opacity%3D%220%22%2F%3E%3C%2Fsvg%3E\" data-srcset=\"https:\/\/fusteriarubies.com\/wp-content\/uploads\/2024\/01\/Cuina_Mida_Fusteria_Rubies_01-200x150.jpg 200w, https:\/\/fusteriarubies.com\/wp-content\/uploads\/2024\/01\/Cuina_Mida_Fusteria_Rubies_01-400x300.jpg 400w, https:\/\/fusteriarubies.com\/wp-content\/uploads\/2024\/01\/Cuina_Mida_Fusteria_Rubies_01-600x450.jpg 600w, https:\/\/fusteriarubies.com\/wp-content\/uploads\/2024\/01\/Cuina_Mida_Fusteria_Rubies_01-800x600.jpg 800w, https:\/\/fusteriarubies.com\/wp-content\/uploads\/2024\/01\/Cuina_Mida_Fusteria_Rubies_01.jpg 1200w\" data-sizes=\"auto\" data-orig-sizes=\"(max-width: 1024px) 100vw, (max-width: 640px) 100vw, 800px\" \/><\/span><\/div><\/div><\/div><\/div><\/div><\/div><div class=\"fusion-layout-column fusion_builder_column fusion-builder-column-2 fusion_builder_column_1_1 1_1 fusion-flex-column\" style=\"--awb-padding-top:40px;--awb-bg-size:cover;--awb-width-large:100%;--awb-margin-top-large:0px;--awb-spacing-right-large:1.92%;--awb-margin-bottom-large:0px;--awb-spacing-left-large:1.92%;--awb-width-medium:100%;--awb-order-medium:0;--awb-spacing-right-medium:1.92%;--awb-spacing-left-medium:1.92%;--awb-width-small:100%;--awb-order-small:0;--awb-spacing-right-small:1.92%;--awb-spacing-left-small:1.92%;\"><div class=\"fusion-column-wrapper fusion-column-has-shadow fusion-flex-justify-content-flex-start fusion-content-layout-column\"><div class=\"fusion-builder-row fusion-builder-row-inner fusion-row fusion-flex-align-items-flex-start fusion-flex-content-wrap\" style=\"width:104% !important;max-width:104% !important;margin-left: calc(-4% \/ 2 );margin-right: calc(-4% \/ 2 );\"><div class=\"fusion-layout-column fusion_builder_column_inner fusion-builder-nested-column-2 fusion_builder_column_inner_1_4 1_4 fusion-flex-column fusion-flex-align-self-center\" style=\"--awb-bg-size:cover;--awb-width-large:25%;--awb-margin-top-large:0px;--awb-spacing-right-large:0%;--awb-margin-bottom-large:0px;--awb-spacing-left-large:7.68%;--awb-width-medium:100%;--awb-order-medium:0;--awb-spacing-right-medium:1.92%;--awb-spacing-left-medium:1.92%;--awb-width-small:100%;--awb-order-small:0;--awb-spacing-right-small:1.92%;--awb-spacing-left-small:1.92%;\"><div class=\"fusion-column-wrapper fusion-column-has-shadow fusion-flex-justify-content-flex-start fusion-content-layout-column\"><div class=\"fusion-image-element \" style=\"--awb-margin-top:-00px;--awb-margin-right:-80px;--awb-caption-title-font-family:var(--h2_typography-font-family);--awb-caption-title-font-weight:var(--h2_typography-font-weight);--awb-caption-title-font-style:var(--h2_typography-font-style);--awb-caption-title-size:var(--h2_typography-font-size);--awb-caption-title-transform:var(--h2_typography-text-transform);--awb-caption-title-line-height:var(--h2_typography-line-height);--awb-caption-title-letter-spacing:var(--h2_typography-letter-spacing);\"><span class=\" fusion-imageframe imageframe-none imageframe-2 hover-type-none\" style=\"border:15px solid var(--awb-color1);\"><img decoding=\"async\" width=\"326\" height=\"406\" title=\"Cuines_Fusteria_Rubies_4\" src=\"https:\/\/fusteriarubies.com\/wp-content\/uploads\/2023\/10\/Cuines_Fusteria_Rubies_4.png\" data-orig-src=\"https:\/\/fusteriarubies.com\/wp-content\/uploads\/2023\/10\/Cuines_Fusteria_Rubies_4.png\" alt class=\"lazyload img-responsive wp-image-2121\" srcset=\"data:image\/svg+xml,%3Csvg%20xmlns%3D%27http%3A%2F%2Fwww.w3.org%2F2000%2Fsvg%27%20width%3D%27326%27%20height%3D%27406%27%20viewBox%3D%270%200%20326%20406%27%3E%3Crect%20width%3D%27326%27%20height%3D%27406%27%20fill-opacity%3D%220%22%2F%3E%3C%2Fsvg%3E\" data-srcset=\"https:\/\/fusteriarubies.com\/wp-content\/uploads\/2023\/10\/Cuines_Fusteria_Rubies_4-200x249.png 200w, https:\/\/fusteriarubies.com\/wp-content\/uploads\/2023\/10\/Cuines_Fusteria_Rubies_4.png 326w\" data-sizes=\"auto\" data-orig-sizes=\"(max-width: 1024px) 100vw, (max-width: 640px) 100vw, 326px\" \/><\/span><\/div><\/div><\/div><div class=\"fusion-layout-column fusion_builder_column_inner fusion-builder-nested-column-3 fusion_builder_column_inner_1_4 1_4 fusion-flex-column fusion-flex-align-self-center\" style=\"--awb-bg-size:cover;--awb-width-large:25%;--awb-margin-top-large:0px;--awb-spacing-right-large:7.68%;--awb-margin-bottom-large:0px;--awb-spacing-left-large:0%;--awb-width-medium:100%;--awb-order-medium:0;--awb-spacing-right-medium:1.92%;--awb-spacing-left-medium:1.92%;--awb-width-small:100%;--awb-order-small:0;--awb-spacing-right-small:1.92%;--awb-spacing-left-small:1.92%;\"><div class=\"fusion-column-wrapper fusion-column-has-shadow fusion-flex-justify-content-flex-start fusion-content-layout-column\"><div class=\"fusion-image-element \" style=\"--awb-margin-bottom:-100px;--awb-margin-left:-90px;--awb-caption-title-font-family:var(--h2_typography-font-family);--awb-caption-title-font-weight:var(--h2_typography-font-weight);--awb-caption-title-font-style:var(--h2_typography-font-style);--awb-caption-title-size:var(--h2_typography-font-size);--awb-caption-title-transform:var(--h2_typography-text-transform);--awb-caption-title-line-height:var(--h2_typography-line-height);--awb-caption-title-letter-spacing:var(--h2_typography-letter-spacing);\"><span class=\" fusion-imageframe imageframe-none imageframe-3 hover-type-none\" style=\"border:20px solid var(--awb-color1);\"><img decoding=\"async\" width=\"1755\" height=\"1316\" title=\"20231106_095155\" src=\"https:\/\/fusteriarubies.com\/wp-content\/uploads\/2024\/01\/20231106_095155-1.jpg\" data-orig-src=\"https:\/\/fusteriarubies.com\/wp-content\/uploads\/2024\/01\/20231106_095155-1.jpg\" alt class=\"lazyload img-responsive wp-image-2386\" srcset=\"data:image\/svg+xml,%3Csvg%20xmlns%3D%27http%3A%2F%2Fwww.w3.org%2F2000%2Fsvg%27%20width%3D%271755%27%20height%3D%271316%27%20viewBox%3D%270%200%201755%201316%27%3E%3Crect%20width%3D%271755%27%20height%3D%271316%27%20fill-opacity%3D%220%22%2F%3E%3C%2Fsvg%3E\" data-srcset=\"https:\/\/fusteriarubies.com\/wp-content\/uploads\/2024\/01\/20231106_095155-1-200x150.jpg 200w, https:\/\/fusteriarubies.com\/wp-content\/uploads\/2024\/01\/20231106_095155-1-400x300.jpg 400w, https:\/\/fusteriarubies.com\/wp-content\/uploads\/2024\/01\/20231106_095155-1-600x450.jpg 600w, https:\/\/fusteriarubies.com\/wp-content\/uploads\/2024\/01\/20231106_095155-1-800x600.jpg 800w, https:\/\/fusteriarubies.com\/wp-content\/uploads\/2024\/01\/20231106_095155-1-1200x900.jpg 1200w, https:\/\/fusteriarubies.com\/wp-content\/uploads\/2024\/01\/20231106_095155-1.jpg 1755w\" data-sizes=\"auto\" data-orig-sizes=\"(max-width: 1024px) 100vw, (max-width: 640px) 100vw, 400px\" \/><\/span><\/div><\/div><\/div><div class=\"fusion-layout-column fusion_builder_column_inner fusion-builder-nested-column-4 fusion_builder_column_inner_1_2 1_2 fusion-flex-column fusion-flex-align-self-center\" style=\"--awb-bg-size:cover;--awb-width-large:50%;--awb-margin-top-large:0px;--awb-spacing-right-large:3.84%;--awb-margin-bottom-large:0px;--awb-spacing-left-large:3.84%;--awb-width-medium:100%;--awb-order-medium:0;--awb-spacing-right-medium:1.92%;--awb-spacing-left-medium:1.92%;--awb-width-small:100%;--awb-order-small:0;--awb-spacing-right-small:1.92%;--awb-spacing-left-small:1.92%;\"><div class=\"fusion-column-wrapper fusion-column-has-shadow fusion-flex-justify-content-flex-start fusion-content-layout-column\"><div class=\"fusion-text fusion-text-2\"><h4><strong>Forrajes y mecanismos<\/strong><\/h4>\n<p>Forrajes modernos con <strong>gu\u00edas de extracci\u00f3n total<\/strong>, cajones espec\u00edficos para cacerolas. <strong>. Mecanismos de tipo giratorio<\/strong> con plataformas de distintos tipos, materiales y acabados para aprovechar los rincones.<\/p>\n<h4><strong>Dise\u00f1o y calidad<\/strong><\/h4>\n<p>Debemos darle la importancia que realmente tiene, cuidando la <strong>comodidad y dise\u00f1o<\/strong> como lugar de trabajo y espacio de encuentro familiar. Es necesario que el profesional le asesore en todos los detalles de esta prenda clave.<\/p>\n<\/div><\/div><\/div><\/div><\/div><\/div><\/div><\/div>\n","protected":false},"excerpt":{"rendered":"","protected":false},"author":1,"featured_media":0,"parent":2189,"menu_order":0,"comment_status":"closed","ping_status":"closed","template":"100-width.php","meta":{"footnotes":""},"class_list":["post-2205","page","type-page","status-publish","hentry"],"_links":{"self":[{"href":"https:\/\/fusteriarubies.com\/es\/wp-json\/wp\/v2\/pages\/2205","targetHints":{"allow":["GET"]}}],"collection":[{"href":"https:\/\/fusteriarubies.com\/es\/wp-json\/wp\/v2\/pages"}],"about":[{"href":"https:\/\/fusteriarubies.com\/es\/wp-json\/wp\/v2\/types\/page"}],"author":[{"embeddable":true,"href":"https:\/\/fusteriarubies.com\/es\/wp-json\/wp\/v2\/users\/1"}],"replies":[{"embeddable":true,"href":"https:\/\/fusteriarubies.com\/es\/wp-json\/wp\/v2\/comments?post=2205"}],"version-history":[{"count":16,"href":"https:\/\/fusteriarubies.com\/es\/wp-json\/wp\/v2\/pages\/2205\/revisions"}],"predecessor-version":[{"id":2530,"href":"https:\/\/fusteriarubies.com\/es\/wp-json\/wp\/v2\/pages\/2205\/revisions\/2530"}],"up":[{"embeddable":true,"href":"https:\/\/fusteriarubies.com\/es\/wp-json\/wp\/v2\/pages\/2189"}],"wp:attachment":[{"href":"https:\/\/fusteriarubies.com\/es\/wp-json\/wp\/v2\/media?parent=2205"}],"curies":[{"name":"wp","href":"https:\/\/api.w.org\/{rel}","templated":true}]}}