{"id":2197,"date":"2023-10-17T19:34:19","date_gmt":"2023-10-17T17:34:19","guid":{"rendered":"https:\/\/fusteriarubies.com\/productos\/bricolaje\/"},"modified":"2024-01-02T11:52:26","modified_gmt":"2024-01-02T10:52:26","slug":"bricolaje","status":"publish","type":"page","link":"https:\/\/fusteriarubies.com\/es\/productos\/bricolaje\/","title":{"rendered":"Bricolaje"},"content":{"rendered":"<div class=\"fusion-fullwidth fullwidth-box fusion-builder-row-1 fusion-flex-container has-pattern-background has-mask-background nonhundred-percent-fullwidth non-hundred-percent-height-scrolling\" style=\"--awb-border-radius-top-left:0px;--awb-border-radius-top-right:0px;--awb-border-radius-bottom-right:0px;--awb-border-radius-bottom-left:0px;--awb-flex-wrap:wrap;\" ><div class=\"fusion-builder-row fusion-row fusion-flex-align-items-flex-start fusion-flex-content-wrap\" style=\"max-width:1331.2px;margin-left: calc(-4% \/ 2 );margin-right: calc(-4% \/ 2 );\"><div class=\"fusion-layout-column fusion_builder_column fusion-builder-column-0 fusion_builder_column_1_1 1_1 fusion-flex-column\" style=\"--awb-padding-right:15%;--awb-padding-left:15%;--awb-padding-right-medium:60px;--awb-padding-left-medium:60px;--awb-padding-right-small:40px;--awb-padding-left-small:40px;--awb-bg-blend:overlay;--awb-bg-size:cover;--awb-width-large:100%;--awb-margin-top-large:42px;--awb-spacing-right-large:1.92%;--awb-margin-bottom-large:20px;--awb-spacing-left-large:1.92%;--awb-width-medium:100%;--awb-spacing-right-medium:1.92%;--awb-margin-bottom-medium:0px;--awb-spacing-left-medium:1.92%;--awb-width-small:100%;--awb-spacing-right-small:1.92%;--awb-spacing-left-small:1.92%;\" id=\"bricolatge\"><div class=\"fusion-column-wrapper fusion-flex-justify-content-flex-start fusion-content-layout-column\"><div class=\"fusion-title title fusion-title-1 fusion-sep-none fusion-title-center fusion-title-text fusion-title-size-two\" style=\"--awb-text-color:rgba(94,61,44,0.1);--awb-margin-bottom-small:10px;--awb-font-size:70px;\"><h2 class=\"fusion-title-heading title-heading-center fusion-responsive-typography-calculated\" style=\"font-family:&quot;Open Sans&quot;;font-style:italic;font-weight:800;margin:0;font-size:1em;text-transform:none;--fontSize:70;line-height:1.3;\">bricolaje<\/h2><\/div><div class=\"fusion-title title fusion-title-2 fusion-sep-none fusion-title-center fusion-title-text fusion-title-size-three\" style=\"--awb-text-color:var(--awb-color8);--awb-margin-top:-70px;--awb-font-size:40px;\"><h3 class=\"fusion-title-heading title-heading-center fusion-responsive-typography-calculated\" style=\"font-family:&quot;Open Sans&quot;;font-style:normal;font-weight:500;margin:0;font-size:1em;text-transform:capitalize;--fontSize:40;line-height:1.45;\">BRICOLAJE<\/h3><\/div><div class=\"fusion-separator\" style=\"align-self: center;margin-left: auto;margin-right: auto;margin-top:0px;margin-bottom:30px;width:100%;max-width:40px;\"><div class=\"fusion-separator-border sep-single sep-solid\" style=\"--awb-height:20px;--awb-amount:20px;--awb-sep-color:var(--awb-color5);border-color:var(--awb-color5);border-top-width:4px;\"><\/div><\/div><\/div><\/div><div class=\"fusion-layout-column fusion_builder_column fusion-builder-column-1 fusion_builder_column_1_1 1_1 fusion-flex-column\" style=\"--awb-bg-size:cover;--awb-width-large:100%;--awb-margin-top-large:0px;--awb-spacing-right-large:1.92%;--awb-margin-bottom-large:0px;--awb-spacing-left-large:1.92%;--awb-width-medium:100%;--awb-order-medium:0;--awb-spacing-right-medium:1.92%;--awb-spacing-left-medium:1.92%;--awb-width-small:100%;--awb-order-small:0;--awb-spacing-right-small:1.92%;--awb-spacing-left-small:1.92%;\"><div class=\"fusion-column-wrapper fusion-column-has-shadow fusion-flex-justify-content-flex-start fusion-content-layout-column\"><div class=\"fusion-builder-row fusion-builder-row-inner fusion-row fusion-flex-align-items-flex-start fusion-flex-content-wrap\" style=\"width:104% !important;max-width:104% !important;margin-left: calc(-4% \/ 2 );margin-right: calc(-4% \/ 2 );\"><div class=\"fusion-layout-column fusion_builder_column_inner fusion-builder-nested-column-0 fusion_builder_column_inner_1_2 1_2 fusion-flex-column fusion-flex-align-self-center\" style=\"--awb-bg-size:cover;--awb-width-large:50%;--awb-margin-top-large:0px;--awb-spacing-right-large:3.84%;--awb-margin-bottom-large:0px;--awb-spacing-left-large:3.84%;--awb-width-medium:100%;--awb-order-medium:0;--awb-spacing-right-medium:1.92%;--awb-spacing-left-medium:1.92%;--awb-width-small:100%;--awb-order-small:0;--awb-spacing-right-small:1.92%;--awb-spacing-left-small:1.92%;\"><div class=\"fusion-column-wrapper fusion-column-has-shadow fusion-flex-justify-content-flex-start fusion-content-layout-column\"><div class=\"fusion-text fusion-text-1\"><p>Con el bricolaje, eres el <strong>protagonista<\/strong> de la creaci\u00f3n. Aqu\u00ed en nuestra carpinter\u00eda, creemos en darte la oportunidad de tomar las riendas y hacer realidad tu visi\u00f3n. Con tu idea preparamos todos los componentes del mobiliario para que puedas <strong>montarlo t\u00fa mismo.<\/strong><\/p>\n<p>Esta opci\u00f3n no s\u00f3lo te ayuda a <strong>ahorrar dinero<\/strong>, sino que tambi\u00e9n te ofrece la oportunidad de <strong>entretenerte y aprender<\/strong> mientras trabajas en tu proyecto. Es una experiencia enriquecedora que permite participar activamente en la creaci\u00f3n de tu mobiliario, ofreciendo un sentido de <strong>orgullo y satisfacci\u00f3n<\/strong> que s\u00f3lo el bricolaje puede proporcionar.<\/p>\n<p>Con tu esfuerzo y nuestras prendas de madera de primera calidad, el resultado ser\u00e1 <strong>una pieza \u00fanica<\/strong> que reflejar\u00e1 tu estilo y habilidad. Ac\u00e9rcate a nosotros con tu idea, y estaremos encantados de ayudarte a empezar tu proyecto de bricolaje.<\/p>\n<\/div><\/div><\/div><div class=\"fusion-layout-column fusion_builder_column_inner fusion-builder-nested-column-1 fusion_builder_column_inner_1_2 1_2 fusion-flex-column fusion-flex-align-self-center\" style=\"--awb-bg-size:cover;--awb-width-large:50%;--awb-margin-top-large:0px;--awb-spacing-right-large:3.84%;--awb-margin-bottom-large:0px;--awb-spacing-left-large:3.84%;--awb-width-medium:100%;--awb-order-medium:0;--awb-spacing-right-medium:1.92%;--awb-spacing-left-medium:1.92%;--awb-width-small:100%;--awb-order-small:0;--awb-spacing-right-small:1.92%;--awb-spacing-left-small:1.92%;\"><div class=\"fusion-column-wrapper fusion-column-has-shadow fusion-flex-justify-content-flex-start fusion-content-layout-column\"><div class=\"fusion-image-element \" style=\"--awb-aspect-ratio: 100 \/ 75;--awb-caption-title-font-family:var(--h2_typography-font-family);--awb-caption-title-font-weight:var(--h2_typography-font-weight);--awb-caption-title-font-style:var(--h2_typography-font-style);--awb-caption-title-size:var(--h2_typography-font-size);--awb-caption-title-transform:var(--h2_typography-text-transform);--awb-caption-title-line-height:var(--h2_typography-line-height);--awb-caption-title-letter-spacing:var(--h2_typography-letter-spacing);\"><span class=\" fusion-imageframe imageframe-none imageframe-1 hover-type-none has-aspect-ratio\"><img decoding=\"async\" width=\"2000\" height=\"1268\" title=\"Bricolatge_Fusteria_Rubies\" src=\"https:\/\/fusteriarubies.com\/wp-content\/uploads\/2023\/10\/Bricolatge_Fusteria_Rubies.jpg\" data-orig-src=\"https:\/\/fusteriarubies.com\/wp-content\/uploads\/2023\/10\/Bricolatge_Fusteria_Rubies.jpg\" class=\"lazyload img-responsive wp-image-2115 img-with-aspect-ratio\" alt srcset=\"data:image\/svg+xml,%3Csvg%20xmlns%3D%27http%3A%2F%2Fwww.w3.org%2F2000%2Fsvg%27%20width%3D%272000%27%20height%3D%271268%27%20viewBox%3D%270%200%202000%201268%27%3E%3Crect%20width%3D%272000%27%20height%3D%271268%27%20fill-opacity%3D%220%22%2F%3E%3C%2Fsvg%3E\" data-srcset=\"https:\/\/fusteriarubies.com\/wp-content\/uploads\/2023\/10\/Bricolatge_Fusteria_Rubies-200x127.jpg 200w, https:\/\/fusteriarubies.com\/wp-content\/uploads\/2023\/10\/Bricolatge_Fusteria_Rubies-400x254.jpg 400w, https:\/\/fusteriarubies.com\/wp-content\/uploads\/2023\/10\/Bricolatge_Fusteria_Rubies-600x380.jpg 600w, https:\/\/fusteriarubies.com\/wp-content\/uploads\/2023\/10\/Bricolatge_Fusteria_Rubies-800x507.jpg 800w, https:\/\/fusteriarubies.com\/wp-content\/uploads\/2023\/10\/Bricolatge_Fusteria_Rubies-1200x761.jpg 1200w, https:\/\/fusteriarubies.com\/wp-content\/uploads\/2023\/10\/Bricolatge_Fusteria_Rubies.jpg 2000w\" data-sizes=\"auto\" data-orig-sizes=\"(max-width: 1024px) 100vw, (max-width: 640px) 100vw, 800px\" \/><\/span><\/div><\/div><\/div><\/div><\/div><\/div><div class=\"fusion-layout-column fusion_builder_column fusion-builder-column-2 fusion_builder_column_1_1 1_1 fusion-flex-column\" style=\"--awb-padding-top:40px;--awb-bg-size:cover;--awb-width-large:100%;--awb-margin-top-large:0px;--awb-spacing-right-large:1.92%;--awb-margin-bottom-large:0px;--awb-spacing-left-large:1.92%;--awb-width-medium:100%;--awb-order-medium:0;--awb-spacing-right-medium:1.92%;--awb-spacing-left-medium:1.92%;--awb-width-small:100%;--awb-order-small:0;--awb-spacing-right-small:1.92%;--awb-spacing-left-small:1.92%;\"><div class=\"fusion-column-wrapper fusion-column-has-shadow fusion-flex-justify-content-flex-start fusion-content-layout-column\"><div class=\"fusion-builder-row fusion-builder-row-inner fusion-row fusion-flex-align-items-flex-start fusion-flex-content-wrap\" style=\"width:104% !important;max-width:104% !important;margin-left: calc(-4% \/ 2 );margin-right: calc(-4% \/ 2 );\"><div class=\"fusion-layout-column fusion_builder_column_inner fusion-builder-nested-column-2 fusion_builder_column_inner_1_2 1_2 fusion-flex-column fusion-flex-align-self-center\" style=\"--awb-bg-size:cover;--awb-width-large:50%;--awb-margin-top-large:0px;--awb-spacing-right-large:0%;--awb-margin-bottom-large:0px;--awb-spacing-left-large:3.84%;--awb-width-medium:100%;--awb-order-medium:0;--awb-spacing-right-medium:1.92%;--awb-spacing-left-medium:1.92%;--awb-width-small:100%;--awb-order-small:0;--awb-spacing-right-small:1.92%;--awb-spacing-left-small:1.92%;\"><div class=\"fusion-column-wrapper fusion-column-has-shadow fusion-flex-justify-content-flex-start fusion-content-layout-column\"><div class=\"fusion-image-element \" style=\"--awb-caption-title-font-family:var(--h2_typography-font-family);--awb-caption-title-font-weight:var(--h2_typography-font-weight);--awb-caption-title-font-style:var(--h2_typography-font-style);--awb-caption-title-size:var(--h2_typography-font-size);--awb-caption-title-transform:var(--h2_typography-text-transform);--awb-caption-title-line-height:var(--h2_typography-line-height);--awb-caption-title-letter-spacing:var(--h2_typography-letter-spacing);\"><span class=\" fusion-imageframe imageframe-none imageframe-2 hover-type-none\" style=\"border:15px solid var(--awb-color1);\"><img decoding=\"async\" width=\"1459\" height=\"1094\" title=\"llitera\" src=\"https:\/\/fusteriarubies.com\/wp-content\/uploads\/2024\/01\/llitera.jpg\" data-orig-src=\"https:\/\/fusteriarubies.com\/wp-content\/uploads\/2024\/01\/llitera.jpg\" alt class=\"lazyload img-responsive wp-image-2430\" srcset=\"data:image\/svg+xml,%3Csvg%20xmlns%3D%27http%3A%2F%2Fwww.w3.org%2F2000%2Fsvg%27%20width%3D%271459%27%20height%3D%271094%27%20viewBox%3D%270%200%201459%201094%27%3E%3Crect%20width%3D%271459%27%20height%3D%271094%27%20fill-opacity%3D%220%22%2F%3E%3C%2Fsvg%3E\" data-srcset=\"https:\/\/fusteriarubies.com\/wp-content\/uploads\/2024\/01\/llitera-200x150.jpg 200w, https:\/\/fusteriarubies.com\/wp-content\/uploads\/2024\/01\/llitera-400x300.jpg 400w, https:\/\/fusteriarubies.com\/wp-content\/uploads\/2024\/01\/llitera-600x450.jpg 600w, https:\/\/fusteriarubies.com\/wp-content\/uploads\/2024\/01\/llitera-800x600.jpg 800w, https:\/\/fusteriarubies.com\/wp-content\/uploads\/2024\/01\/llitera-1200x900.jpg 1200w, https:\/\/fusteriarubies.com\/wp-content\/uploads\/2024\/01\/llitera.jpg 1459w\" data-sizes=\"auto\" data-orig-sizes=\"(max-width: 1024px) 100vw, (max-width: 640px) 100vw, 800px\" \/><\/span><\/div><\/div><\/div><div class=\"fusion-layout-column fusion_builder_column_inner fusion-builder-nested-column-3 fusion_builder_column_inner_1_2 1_2 fusion-flex-column fusion-flex-align-self-center\" style=\"--awb-bg-size:cover;--awb-width-large:50%;--awb-margin-top-large:0px;--awb-spacing-right-large:3.84%;--awb-margin-bottom-large:0px;--awb-spacing-left-large:3.84%;--awb-width-medium:100%;--awb-order-medium:0;--awb-spacing-right-medium:1.92%;--awb-spacing-left-medium:1.92%;--awb-width-small:100%;--awb-order-small:0;--awb-spacing-right-small:1.92%;--awb-spacing-left-small:1.92%;\"><div class=\"fusion-column-wrapper fusion-column-has-shadow fusion-flex-justify-content-flex-start fusion-content-layout-column\"><div class=\"fusion-text fusion-text-2\"><h4><strong>Fabricaci\u00f3n de muebles Brico<\/strong><\/h4>\n<p><strong>T\u00fa decides,<\/strong> crea con un tablero de DM o de rechapados con maderas nobles (vaporizados, roble, Iroko, etc&#8230;). Tambi\u00e9n con te\u00f1idos con acabados barnizado, brillante o satinado.<\/p>\n<h4><strong>Trabajamos juntos<\/strong><\/h4>\n<p>A partir de <strong>tu dise\u00f1o,<\/strong> nosotros cortamos, mecanizamos, perforamos, esquinamos, mecanizamos bisagras y si hace falta hacemos fresados especiales dejando el mueble listo para montar.<\/p>\n<\/div><\/div><\/div><\/div><\/div><\/div><\/div><\/div>\n","protected":false},"excerpt":{"rendered":"","protected":false},"author":1,"featured_media":0,"parent":2189,"menu_order":0,"comment_status":"closed","ping_status":"closed","template":"100-width.php","meta":{"footnotes":""},"class_list":["post-2197","page","type-page","status-publish","hentry"],"_links":{"self":[{"href":"https:\/\/fusteriarubies.com\/es\/wp-json\/wp\/v2\/pages\/2197","targetHints":{"allow":["GET"]}}],"collection":[{"href":"https:\/\/fusteriarubies.com\/es\/wp-json\/wp\/v2\/pages"}],"about":[{"href":"https:\/\/fusteriarubies.com\/es\/wp-json\/wp\/v2\/types\/page"}],"author":[{"embeddable":true,"href":"https:\/\/fusteriarubies.com\/es\/wp-json\/wp\/v2\/users\/1"}],"replies":[{"embeddable":true,"href":"https:\/\/fusteriarubies.com\/es\/wp-json\/wp\/v2\/comments?post=2197"}],"version-history":[{"count":12,"href":"https:\/\/fusteriarubies.com\/es\/wp-json\/wp\/v2\/pages\/2197\/revisions"}],"predecessor-version":[{"id":2434,"href":"https:\/\/fusteriarubies.com\/es\/wp-json\/wp\/v2\/pages\/2197\/revisions\/2434"}],"up":[{"embeddable":true,"href":"https:\/\/fusteriarubies.com\/es\/wp-json\/wp\/v2\/pages\/2189"}],"wp:attachment":[{"href":"https:\/\/fusteriarubies.com\/es\/wp-json\/wp\/v2\/media?parent=2197"}],"curies":[{"name":"wp","href":"https:\/\/api.w.org\/{rel}","templated":true}]}}